{"id":37,"date":"2022-04-20T15:11:03","date_gmt":"2022-04-20T13:11:03","guid":{"rendered":"https:\/\/dsa-computerspiel.de\/?page_id=37"},"modified":"2022-04-20T15:11:04","modified_gmt":"2022-04-20T13:11:04","slug":"sternenschweif","status":"publish","type":"page","link":"https:\/\/dsa-computerspiel.de\/index.php\/nordlandtrilogie\/sternenschweif\/","title":{"rendered":"Sternenschweif"},"content":{"rendered":"\n<p>Der zweite Teil der Nordlandtrilogie wird auch heute noch von vielen als die beste DSA-Adaption f\u00fcr den PC angesehen.<\/p>\n\n\n\n<p>Der entfallene Zeitdruck des ersten Teils, ein unglaublich freies Reisesystem. Ausgekl\u00fcgeltes aber machbares Micromanagement. Ein dichter Hintergrund der den Flair von DSA erlebbar machte.<\/p>\n\n\n\n<p>Die Helden erleben den Orkensturm auf das Svellttal. Gro\u00dfe Teile der Story wurden im offiziellen DSA Kanon aufgenommen und k\u00f6nnen dort wiedergefunden werden. Der Spieler findet sich mitten in einer das ganze Gebiet umw\u00e4lzenden Geschichte wieder und taucht ein in die N\u00f6te und Belange der dortigen Bewohner.<\/p>\n\n\n\n<p>Erh\u00e4lt man erst einmal die Ehrenb\u00fcrgerurkunde Lowangens, so f\u00fchlt sich dies als echter Sieg an. Auch wenn dies in anderen Rollenspielen wohl kaum als Belohnung taugen w\u00fcrde.<\/p>\n","protected":false},"excerpt":{"rendered":"<p>Der zweite Teil der Nordlandtrilogie wird auch heute noch von vielen als die beste DSA-Adaption f\u00fcr den PC angesehen. Der entfallene Zeitdruck des ersten Teils, ein unglaublich freies Reisesystem. Ausgekl\u00fcgeltes aber machbares Micromanagement. Ein dichter Hintergrund der den Flair von DSA erlebbar machte. Die Helden erleben den Orkensturm auf das Svellttal. Gro\u00dfe Teile der Story&hellip; <a class=\"more-link\" href=\"https:\/\/dsa-computerspiel.de\/index.php\/nordlandtrilogie\/sternenschweif\/\"><span class=\"screen-reader-text\">Sternenschweif<\/span> weiterlesen<\/a><\/p>\n","protected":false},"author":1,"featured_media":0,"parent":30,"menu_order":2,"comment_status":"closed","ping_status":"closed","template":"","meta":{"footnotes":""},"class_list":["post-37","page","type-page","status-publish","hentry","entry"],"yoast_head":"<!-- This site is optimized with the Yoast SEO plugin v27.4 - https:\/\/yoast.com\/product\/yoast-seo-wordpress\/ -->\n<title>Sternenschweif &#8212; DSA Computerspiele<\/title>\n<meta name=\"robots\" content=\"index, follow, max-snippet:-1, max-image-preview:large, max-video-preview:-1\" \/>\n<link rel=\"canonical\" href=\"https:\/\/dsa-computerspiel.de\/index.php\/nordlandtrilogie\/sternenschweif\/\" \/>\n<meta property=\"og:locale\" content=\"de_DE\" \/>\n<meta property=\"og:type\" content=\"article\" \/>\n<meta property=\"og:title\" content=\"Sternenschweif &#8212; DSA Computerspiele\" \/>\n<meta property=\"og:description\" content=\"Der zweite Teil der Nordlandtrilogie wird auch heute noch von vielen als die beste DSA-Adaption f\u00fcr den PC angesehen. Der entfallene Zeitdruck des ersten Teils, ein unglaublich freies Reisesystem. Ausgekl\u00fcgeltes aber machbares Micromanagement. Ein dichter Hintergrund der den Flair von DSA erlebbar machte. Die Helden erleben den Orkensturm auf das Svellttal. Gro\u00dfe Teile der Story&hellip; Sternenschweif weiterlesen\" \/>\n<meta property=\"og:url\" content=\"https:\/\/dsa-computerspiel.de\/index.php\/nordlandtrilogie\/sternenschweif\/\" \/>\n<meta property=\"og:site_name\" content=\"DSA Computerspiele\" \/>\n<meta property=\"article:modified_time\" content=\"2022-04-20T13:11:04+00:00\" \/>\n<meta name=\"twitter:card\" content=\"summary_large_image\" \/>\n<meta name=\"twitter:label1\" content=\"Gesch\u00e4tzte Lesezeit\" \/>\n\t<meta name=\"twitter:data1\" content=\"1\u00a0Minute\" \/>\n<script type=\"application\/ld+json\" class=\"yoast-schema-graph\">{\"@context\":\"https:\\\/\\\/schema.org\",\"@graph\":[{\"@type\":\"WebPage\",\"@id\":\"https:\\\/\\\/dsa-computerspiel.de\\\/index.php\\\/nordlandtrilogie\\\/sternenschweif\\\/\",\"url\":\"https:\\\/\\\/dsa-computerspiel.de\\\/index.php\\\/nordlandtrilogie\\\/sternenschweif\\\/\",\"name\":\"Sternenschweif &#8212; DSA Computerspiele\",\"isPartOf\":{\"@id\":\"https:\\\/\\\/dsa-computerspiel.de\\\/#website\"},\"datePublished\":\"2022-04-20T13:11:03+00:00\",\"dateModified\":\"2022-04-20T13:11:04+00:00\",\"breadcrumb\":{\"@id\":\"https:\\\/\\\/dsa-computerspiel.de\\\/index.php\\\/nordlandtrilogie\\\/sternenschweif\\\/#breadcrumb\"},\"inLanguage\":\"de\",\"potentialAction\":[{\"@type\":\"ReadAction\",\"target\":[\"https:\\\/\\\/dsa-computerspiel.de\\\/index.php\\\/nordlandtrilogie\\\/sternenschweif\\\/\"]}]},{\"@type\":\"BreadcrumbList\",\"@id\":\"https:\\\/\\\/dsa-computerspiel.de\\\/index.php\\\/nordlandtrilogie\\\/sternenschweif\\\/#breadcrumb\",\"itemListElement\":[{\"@type\":\"ListItem\",\"position\":1,\"name\":\"Startseite\",\"item\":\"https:\\\/\\\/dsa-computerspiel.de\\\/\"},{\"@type\":\"ListItem\",\"position\":2,\"name\":\"Nordlandtrilogie\",\"item\":\"https:\\\/\\\/dsa-computerspiel.de\\\/index.php\\\/nordlandtrilogie\\\/\"},{\"@type\":\"ListItem\",\"position\":3,\"name\":\"Sternenschweif\"}]},{\"@type\":\"WebSite\",\"@id\":\"https:\\\/\\\/dsa-computerspiel.de\\\/#website\",\"url\":\"https:\\\/\\\/dsa-computerspiel.de\\\/\",\"name\":\"DSA Computerspiele\",\"description\":\"Ein \u00dcberblick zum digitalen Schwarzen Auge\",\"publisher\":{\"@id\":\"https:\\\/\\\/dsa-computerspiel.de\\\/#\\\/schema\\\/person\\\/b5aa37b81fe2b79708eeb888c48255f8\"},\"potentialAction\":[{\"@type\":\"SearchAction\",\"target\":{\"@type\":\"EntryPoint\",\"urlTemplate\":\"https:\\\/\\\/dsa-computerspiel.de\\\/?s={search_term_string}\"},\"query-input\":{\"@type\":\"PropertyValueSpecification\",\"valueRequired\":true,\"valueName\":\"search_term_string\"}}],\"inLanguage\":\"de\"},{\"@type\":[\"Person\",\"Organization\"],\"@id\":\"https:\\\/\\\/dsa-computerspiel.de\\\/#\\\/schema\\\/person\\\/b5aa37b81fe2b79708eeb888c48255f8\",\"name\":\"admin\",\"logo\":{\"@id\":\"https:\\\/\\\/dsa-computerspiel.de\\\/#\\\/schema\\\/person\\\/image\\\/\"},\"sameAs\":[\"https:\\\/\\\/dsa-computerspiel.de\"]}]}<\/script>\n<!-- \/ Yoast SEO plugin. -->","yoast_head_json":{"title":"Sternenschweif &#8212; DSA Computerspiele","robots":{"index":"index","follow":"follow","max-snippet":"max-snippet:-1","max-image-preview":"max-image-preview:large","max-video-preview":"max-video-preview:-1"},"canonical":"https:\/\/dsa-computerspiel.de\/index.php\/nordlandtrilogie\/sternenschweif\/","og_locale":"de_DE","og_type":"article","og_title":"Sternenschweif &#8212; DSA Computerspiele","og_description":"Der zweite Teil der Nordlandtrilogie wird auch heute noch von vielen als die beste DSA-Adaption f\u00fcr den PC angesehen. Der entfallene Zeitdruck des ersten Teils, ein unglaublich freies Reisesystem. Ausgekl\u00fcgeltes aber machbares Micromanagement. Ein dichter Hintergrund der den Flair von DSA erlebbar machte. Die Helden erleben den Orkensturm auf das Svellttal. Gro\u00dfe Teile der Story&hellip; Sternenschweif weiterlesen","og_url":"https:\/\/dsa-computerspiel.de\/index.php\/nordlandtrilogie\/sternenschweif\/","og_site_name":"DSA Computerspiele","article_modified_time":"2022-04-20T13:11:04+00:00","twitter_card":"summary_large_image","twitter_misc":{"Gesch\u00e4tzte Lesezeit":"1\u00a0Minute"},"schema":{"@context":"https:\/\/schema.org","@graph":[{"@type":"WebPage","@id":"https:\/\/dsa-computerspiel.de\/index.php\/nordlandtrilogie\/sternenschweif\/","url":"https:\/\/dsa-computerspiel.de\/index.php\/nordlandtrilogie\/sternenschweif\/","name":"Sternenschweif &#8212; DSA Computerspiele","isPartOf":{"@id":"https:\/\/dsa-computerspiel.de\/#website"},"datePublished":"2022-04-20T13:11:03+00:00","dateModified":"2022-04-20T13:11:04+00:00","breadcrumb":{"@id":"https:\/\/dsa-computerspiel.de\/index.php\/nordlandtrilogie\/sternenschweif\/#breadcrumb"},"inLanguage":"de","potentialAction":[{"@type":"ReadAction","target":["https:\/\/dsa-computerspiel.de\/index.php\/nordlandtrilogie\/sternenschweif\/"]}]},{"@type":"BreadcrumbList","@id":"https:\/\/dsa-computerspiel.de\/index.php\/nordlandtrilogie\/sternenschweif\/#breadcrumb","itemListElement":[{"@type":"ListItem","position":1,"name":"Startseite","item":"https:\/\/dsa-computerspiel.de\/"},{"@type":"ListItem","position":2,"name":"Nordlandtrilogie","item":"https:\/\/dsa-computerspiel.de\/index.php\/nordlandtrilogie\/"},{"@type":"ListItem","position":3,"name":"Sternenschweif"}]},{"@type":"WebSite","@id":"https:\/\/dsa-computerspiel.de\/#website","url":"https:\/\/dsa-computerspiel.de\/","name":"DSA Computerspiele","description":"Ein \u00dcberblick zum digitalen Schwarzen Auge","publisher":{"@id":"https:\/\/dsa-computerspiel.de\/#\/schema\/person\/b5aa37b81fe2b79708eeb888c48255f8"},"potentialAction":[{"@type":"SearchAction","target":{"@type":"EntryPoint","urlTemplate":"https:\/\/dsa-computerspiel.de\/?s={search_term_string}"},"query-input":{"@type":"PropertyValueSpecification","valueRequired":true,"valueName":"search_term_string"}}],"inLanguage":"de"},{"@type":["Person","Organization"],"@id":"https:\/\/dsa-computerspiel.de\/#\/schema\/person\/b5aa37b81fe2b79708eeb888c48255f8","name":"admin","logo":{"@id":"https:\/\/dsa-computerspiel.de\/#\/schema\/person\/image\/"},"sameAs":["https:\/\/dsa-computerspiel.de"]}]}},"_links":{"self":[{"href":"https:\/\/dsa-computerspiel.de\/index.php\/wp-json\/wp\/v2\/pages\/37","targetHints":{"allow":["GET"]}}],"collection":[{"href":"https:\/\/dsa-computerspiel.de\/index.php\/wp-json\/wp\/v2\/pages"}],"about":[{"href":"https:\/\/dsa-computerspiel.de\/index.php\/wp-json\/wp\/v2\/types\/page"}],"author":[{"embeddable":true,"href":"https:\/\/dsa-computerspiel.de\/index.php\/wp-json\/wp\/v2\/users\/1"}],"replies":[{"embeddable":true,"href":"https:\/\/dsa-computerspiel.de\/index.php\/wp-json\/wp\/v2\/comments?post=37"}],"version-history":[{"count":3,"href":"https:\/\/dsa-computerspiel.de\/index.php\/wp-json\/wp\/v2\/pages\/37\/revisions"}],"predecessor-version":[{"id":99,"href":"https:\/\/dsa-computerspiel.de\/index.php\/wp-json\/wp\/v2\/pages\/37\/revisions\/99"}],"up":[{"embeddable":true,"href":"https:\/\/dsa-computerspiel.de\/index.php\/wp-json\/wp\/v2\/pages\/30"}],"wp:attachment":[{"href":"https:\/\/dsa-computerspiel.de\/index.php\/wp-json\/wp\/v2\/media?parent=37"}],"curies":[{"name":"wp","href":"https:\/\/api.w.org\/{rel}","templated":true}]}}