{"id":39,"date":"2022-04-20T15:10:50","date_gmt":"2022-04-20T13:10:50","guid":{"rendered":"https:\/\/dsa-computerspiel.de\/?page_id=39"},"modified":"2022-04-20T15:10:50","modified_gmt":"2022-04-20T13:10:50","slug":"schatten-ueber-riva","status":"publish","type":"page","link":"https:\/\/dsa-computerspiel.de\/index.php\/nordlandtrilogie\/schatten-ueber-riva\/","title":{"rendered":"Schatten \u00fcber Riva"},"content":{"rendered":"\n<p>Der dritte Teil der Serie. Schw\u00e4chelte wegen weggefallener Reisefunktion und veralteter 3-D-Engine. Storytechnisch ebenfalls nur unteres Mittelma\u00df.<\/p>\n\n\n\n<p>Leider sind in diesem Teil die Ereignisse des Spiels komplett aus dem Kanon gefallen. Schon bei erscheinen war keines der Ereignisse vom offiziellen Aventurien begleitet, anders als noch der versuchte Orkensturm auf Thorwal und der eigentliche \u00dcberfall des Svellttales.<\/p>\n","protected":false},"excerpt":{"rendered":"<p>Der dritte Teil der Serie. Schw\u00e4chelte wegen weggefallener Reisefunktion und veralteter 3-D-Engine. Storytechnisch ebenfalls nur unteres Mittelma\u00df. Leider sind in diesem Teil die Ereignisse des Spiels komplett aus dem Kanon gefallen. Schon bei erscheinen war keines der Ereignisse vom offiziellen Aventurien begleitet, anders als noch der versuchte Orkensturm auf Thorwal und der eigentliche \u00dcberfall des&hellip; <a class=\"more-link\" href=\"https:\/\/dsa-computerspiel.de\/index.php\/nordlandtrilogie\/schatten-ueber-riva\/\"><span class=\"screen-reader-text\">Schatten \u00fcber Riva<\/span> weiterlesen<\/a><\/p>\n","protected":false},"author":1,"featured_media":0,"parent":30,"menu_order":3,"comment_status":"closed","ping_status":"closed","template":"","meta":{"footnotes":""},"class_list":["post-39","page","type-page","status-publish","hentry","entry"],"yoast_head":"<!-- This site is optimized with the Yoast SEO plugin v27.4 - https:\/\/yoast.com\/product\/yoast-seo-wordpress\/ -->\n<title>Schatten \u00fcber Riva &#8212; DSA Computerspiele<\/title>\n<meta name=\"robots\" content=\"index, follow, max-snippet:-1, max-image-preview:large, max-video-preview:-1\" \/>\n<link rel=\"canonical\" href=\"https:\/\/dsa-computerspiel.de\/index.php\/nordlandtrilogie\/schatten-ueber-riva\/\" \/>\n<meta property=\"og:locale\" content=\"de_DE\" \/>\n<meta property=\"og:type\" content=\"article\" \/>\n<meta property=\"og:title\" content=\"Schatten \u00fcber Riva &#8212; DSA Computerspiele\" \/>\n<meta property=\"og:description\" content=\"Der dritte Teil der Serie. Schw\u00e4chelte wegen weggefallener Reisefunktion und veralteter 3-D-Engine. Storytechnisch ebenfalls nur unteres Mittelma\u00df. Leider sind in diesem Teil die Ereignisse des Spiels komplett aus dem Kanon gefallen. Schon bei erscheinen war keines der Ereignisse vom offiziellen Aventurien begleitet, anders als noch der versuchte Orkensturm auf Thorwal und der eigentliche \u00dcberfall des&hellip; Schatten \u00fcber Riva weiterlesen\" \/>\n<meta property=\"og:url\" content=\"https:\/\/dsa-computerspiel.de\/index.php\/nordlandtrilogie\/schatten-ueber-riva\/\" \/>\n<meta property=\"og:site_name\" content=\"DSA Computerspiele\" \/>\n<meta name=\"twitter:card\" content=\"summary_large_image\" \/>\n<meta name=\"twitter:label1\" content=\"Gesch\u00e4tzte Lesezeit\" \/>\n\t<meta name=\"twitter:data1\" content=\"1\u00a0Minute\" \/>\n<script type=\"application\/ld+json\" class=\"yoast-schema-graph\">{\"@context\":\"https:\\\/\\\/schema.org\",\"@graph\":[{\"@type\":\"WebPage\",\"@id\":\"https:\\\/\\\/dsa-computerspiel.de\\\/index.php\\\/nordlandtrilogie\\\/schatten-ueber-riva\\\/\",\"url\":\"https:\\\/\\\/dsa-computerspiel.de\\\/index.php\\\/nordlandtrilogie\\\/schatten-ueber-riva\\\/\",\"name\":\"Schatten \u00fcber Riva &#8212; DSA Computerspiele\",\"isPartOf\":{\"@id\":\"https:\\\/\\\/dsa-computerspiel.de\\\/#website\"},\"datePublished\":\"2022-04-20T13:10:50+00:00\",\"breadcrumb\":{\"@id\":\"https:\\\/\\\/dsa-computerspiel.de\\\/index.php\\\/nordlandtrilogie\\\/schatten-ueber-riva\\\/#breadcrumb\"},\"inLanguage\":\"de\",\"potentialAction\":[{\"@type\":\"ReadAction\",\"target\":[\"https:\\\/\\\/dsa-computerspiel.de\\\/index.php\\\/nordlandtrilogie\\\/schatten-ueber-riva\\\/\"]}]},{\"@type\":\"BreadcrumbList\",\"@id\":\"https:\\\/\\\/dsa-computerspiel.de\\\/index.php\\\/nordlandtrilogie\\\/schatten-ueber-riva\\\/#breadcrumb\",\"itemListElement\":[{\"@type\":\"ListItem\",\"position\":1,\"name\":\"Startseite\",\"item\":\"https:\\\/\\\/dsa-computerspiel.de\\\/\"},{\"@type\":\"ListItem\",\"position\":2,\"name\":\"Nordlandtrilogie\",\"item\":\"https:\\\/\\\/dsa-computerspiel.de\\\/index.php\\\/nordlandtrilogie\\\/\"},{\"@type\":\"ListItem\",\"position\":3,\"name\":\"Schatten \u00fcber Riva\"}]},{\"@type\":\"WebSite\",\"@id\":\"https:\\\/\\\/dsa-computerspiel.de\\\/#website\",\"url\":\"https:\\\/\\\/dsa-computerspiel.de\\\/\",\"name\":\"DSA Computerspiele\",\"description\":\"Ein \u00dcberblick zum digitalen Schwarzen Auge\",\"publisher\":{\"@id\":\"https:\\\/\\\/dsa-computerspiel.de\\\/#\\\/schema\\\/person\\\/b5aa37b81fe2b79708eeb888c48255f8\"},\"potentialAction\":[{\"@type\":\"SearchAction\",\"target\":{\"@type\":\"EntryPoint\",\"urlTemplate\":\"https:\\\/\\\/dsa-computerspiel.de\\\/?s={search_term_string}\"},\"query-input\":{\"@type\":\"PropertyValueSpecification\",\"valueRequired\":true,\"valueName\":\"search_term_string\"}}],\"inLanguage\":\"de\"},{\"@type\":[\"Person\",\"Organization\"],\"@id\":\"https:\\\/\\\/dsa-computerspiel.de\\\/#\\\/schema\\\/person\\\/b5aa37b81fe2b79708eeb888c48255f8\",\"name\":\"admin\",\"logo\":{\"@id\":\"https:\\\/\\\/dsa-computerspiel.de\\\/#\\\/schema\\\/person\\\/image\\\/\"},\"sameAs\":[\"https:\\\/\\\/dsa-computerspiel.de\"]}]}<\/script>\n<!-- \/ Yoast SEO plugin. -->","yoast_head_json":{"title":"Schatten \u00fcber Riva &#8212; DSA Computerspiele","robots":{"index":"index","follow":"follow","max-snippet":"max-snippet:-1","max-image-preview":"max-image-preview:large","max-video-preview":"max-video-preview:-1"},"canonical":"https:\/\/dsa-computerspiel.de\/index.php\/nordlandtrilogie\/schatten-ueber-riva\/","og_locale":"de_DE","og_type":"article","og_title":"Schatten \u00fcber Riva &#8212; DSA Computerspiele","og_description":"Der dritte Teil der Serie. Schw\u00e4chelte wegen weggefallener Reisefunktion und veralteter 3-D-Engine. Storytechnisch ebenfalls nur unteres Mittelma\u00df. Leider sind in diesem Teil die Ereignisse des Spiels komplett aus dem Kanon gefallen. Schon bei erscheinen war keines der Ereignisse vom offiziellen Aventurien begleitet, anders als noch der versuchte Orkensturm auf Thorwal und der eigentliche \u00dcberfall des&hellip; Schatten \u00fcber Riva weiterlesen","og_url":"https:\/\/dsa-computerspiel.de\/index.php\/nordlandtrilogie\/schatten-ueber-riva\/","og_site_name":"DSA Computerspiele","twitter_card":"summary_large_image","twitter_misc":{"Gesch\u00e4tzte Lesezeit":"1\u00a0Minute"},"schema":{"@context":"https:\/\/schema.org","@graph":[{"@type":"WebPage","@id":"https:\/\/dsa-computerspiel.de\/index.php\/nordlandtrilogie\/schatten-ueber-riva\/","url":"https:\/\/dsa-computerspiel.de\/index.php\/nordlandtrilogie\/schatten-ueber-riva\/","name":"Schatten \u00fcber Riva &#8212; DSA Computerspiele","isPartOf":{"@id":"https:\/\/dsa-computerspiel.de\/#website"},"datePublished":"2022-04-20T13:10:50+00:00","breadcrumb":{"@id":"https:\/\/dsa-computerspiel.de\/index.php\/nordlandtrilogie\/schatten-ueber-riva\/#breadcrumb"},"inLanguage":"de","potentialAction":[{"@type":"ReadAction","target":["https:\/\/dsa-computerspiel.de\/index.php\/nordlandtrilogie\/schatten-ueber-riva\/"]}]},{"@type":"BreadcrumbList","@id":"https:\/\/dsa-computerspiel.de\/index.php\/nordlandtrilogie\/schatten-ueber-riva\/#breadcrumb","itemListElement":[{"@type":"ListItem","position":1,"name":"Startseite","item":"https:\/\/dsa-computerspiel.de\/"},{"@type":"ListItem","position":2,"name":"Nordlandtrilogie","item":"https:\/\/dsa-computerspiel.de\/index.php\/nordlandtrilogie\/"},{"@type":"ListItem","position":3,"name":"Schatten \u00fcber Riva"}]},{"@type":"WebSite","@id":"https:\/\/dsa-computerspiel.de\/#website","url":"https:\/\/dsa-computerspiel.de\/","name":"DSA Computerspiele","description":"Ein \u00dcberblick zum digitalen Schwarzen Auge","publisher":{"@id":"https:\/\/dsa-computerspiel.de\/#\/schema\/person\/b5aa37b81fe2b79708eeb888c48255f8"},"potentialAction":[{"@type":"SearchAction","target":{"@type":"EntryPoint","urlTemplate":"https:\/\/dsa-computerspiel.de\/?s={search_term_string}"},"query-input":{"@type":"PropertyValueSpecification","valueRequired":true,"valueName":"search_term_string"}}],"inLanguage":"de"},{"@type":["Person","Organization"],"@id":"https:\/\/dsa-computerspiel.de\/#\/schema\/person\/b5aa37b81fe2b79708eeb888c48255f8","name":"admin","logo":{"@id":"https:\/\/dsa-computerspiel.de\/#\/schema\/person\/image\/"},"sameAs":["https:\/\/dsa-computerspiel.de"]}]}},"_links":{"self":[{"href":"https:\/\/dsa-computerspiel.de\/index.php\/wp-json\/wp\/v2\/pages\/39","targetHints":{"allow":["GET"]}}],"collection":[{"href":"https:\/\/dsa-computerspiel.de\/index.php\/wp-json\/wp\/v2\/pages"}],"about":[{"href":"https:\/\/dsa-computerspiel.de\/index.php\/wp-json\/wp\/v2\/types\/page"}],"author":[{"embeddable":true,"href":"https:\/\/dsa-computerspiel.de\/index.php\/wp-json\/wp\/v2\/users\/1"}],"replies":[{"embeddable":true,"href":"https:\/\/dsa-computerspiel.de\/index.php\/wp-json\/wp\/v2\/comments?post=39"}],"version-history":[{"count":3,"href":"https:\/\/dsa-computerspiel.de\/index.php\/wp-json\/wp\/v2\/pages\/39\/revisions"}],"predecessor-version":[{"id":96,"href":"https:\/\/dsa-computerspiel.de\/index.php\/wp-json\/wp\/v2\/pages\/39\/revisions\/96"}],"up":[{"embeddable":true,"href":"https:\/\/dsa-computerspiel.de\/index.php\/wp-json\/wp\/v2\/pages\/30"}],"wp:attachment":[{"href":"https:\/\/dsa-computerspiel.de\/index.php\/wp-json\/wp\/v2\/media?parent=39"}],"curies":[{"name":"wp","href":"https:\/\/api.w.org\/{rel}","templated":true}]}}