{"id":55,"date":"2021-09-26T13:51:42","date_gmt":"2021-09-26T11:51:42","guid":{"rendered":"https:\/\/dsa-computerspiel.de\/?page_id=55"},"modified":"2022-02-05T17:20:53","modified_gmt":"2022-02-05T16:20:53","slug":"drakensang","status":"publish","type":"page","link":"https:\/\/dsa-computerspiel.de\/index.php\/drakensang-reihe\/drakensang\/","title":{"rendered":"Drakensang"},"content":{"rendered":"\n<p>Drakensang ist Teil des Prequels zum DSA Drachen-Chroniken-Event. Hauptschauplatz der Handlung ist die Stadt Ferdok im Herzen Aventuriens. Reisen zu anderen Orten werden \u00fcber eine Kartenansicht erreicht, \u00e4hnlich wie bei den Spielen der Nordland-Trilogie.<\/p>\n\n\n\n<p>Ardo vom Eberstamm bittet den Spieler, ihn im Notfall in Feldok zu besuchen. Dort erf\u00e4hrt der Spieler, dass Ardo das Opfer einer Mordserie ist. Inzwischen wurde gekl\u00e4rt, dass es sich bei den T\u00e4tern um eine Gruppe von Sektenmitgliedern handelt, die schlie\u00dflich aber nicht f\u00fcr den Mord an Ardo verantwortlich waren. Der Spieler wurde nun beauftragt, Ardos Ermittlungen fortzusetzen. Sie sollten sich einem Kontor anschlie\u00dfen und dessen Auftr\u00e4ge erledigen. Im Tempel von Hesinde erf\u00e4hrt man, dass eine Drachen-Queste alle 87 Jahre stattfindet. Der Held wird vom Orakel ausgew\u00e4hlt, um sie zu l\u00f6sen. Die erste Mission f\u00fchrt in den Moorbr\u00fccker Sumpf.<\/p>\n\n\n\n<p>Hinter Angriffen von Untoten steht ein finsterer Nekromant, den man zun\u00e4chst besiegen muss um danach die Krypten zu s\u00e4ubern. Hierbei trifft man auf den Magier Rakorium und hilft ihm ein wichtiges Experiment abzuschlie\u00dfen. Der erste Teil der Quest ist hiermit gel\u00f6st.<\/p>\n\n\n\n<p>Die zweite Mission besteht darin, ein Buch aus einer Burgruine in den Blutbergen zu bergen. Diese wird durch einen Schutzzauber gesch\u00fctzt. Dies kann erreicht werden, indem man einer Hexengilde hilft oder sich einem lokalen Sonnenzug anschlie\u00dft. Der Anf\u00fchrer des Sonnenzuges entpuppt sich jedoch als getarnte Drachenechse, die es zu besiegen gilt.<\/p>\n\n\n\n<p>Nachdem diese get\u00f6tet wurde, f\u00e4llt der Zauber, und der Drache Japhgur befreit sich aus den Ruinen und fliegt davon. Der Held findet Kastan Wagnitz, den Drachenanbeter hinter Ferdoks Mordserie, in den Ruinen des Schlosses und t\u00f6tet ihn. Man findet das Buch und bringt es in den Hesindetempel. Damit ist die zweite Aufgabe abgeschlossen.<\/p>\n","protected":false},"excerpt":{"rendered":"<p>Drakensang ist Teil des Prequels zum DSA Drachen-Chroniken-Event. Hauptschauplatz der Handlung ist die Stadt Ferdok im Herzen Aventuriens. Reisen zu anderen Orten werden \u00fcber eine Kartenansicht erreicht, \u00e4hnlich wie bei den Spielen der Nordland-Trilogie. Ardo vom Eberstamm bittet den Spieler, ihn im Notfall in Feldok zu besuchen. Dort erf\u00e4hrt der Spieler, dass Ardo das Opfer&hellip; <a class=\"more-link\" href=\"https:\/\/dsa-computerspiel.de\/index.php\/drakensang-reihe\/drakensang\/\"><span class=\"screen-reader-text\">Drakensang<\/span> weiterlesen<\/a><\/p>\n","protected":false},"author":1,"featured_media":0,"parent":49,"menu_order":1,"comment_status":"closed","ping_status":"closed","template":"","meta":{"footnotes":""},"class_list":["post-55","page","type-page","status-publish","hentry","entry"],"yoast_head":"<!-- This site is optimized with the Yoast SEO plugin v27.5 - https:\/\/yoast.com\/product\/yoast-seo-wordpress\/ -->\n<title>Drakensang &#8212; DSA Computerspiele<\/title>\n<meta name=\"robots\" content=\"index, follow, max-snippet:-1, max-image-preview:large, max-video-preview:-1\" \/>\n<link rel=\"canonical\" href=\"https:\/\/dsa-computerspiel.de\/index.php\/drakensang-reihe\/drakensang\/\" \/>\n<meta property=\"og:locale\" content=\"de_DE\" \/>\n<meta property=\"og:type\" content=\"article\" \/>\n<meta property=\"og:title\" content=\"Drakensang &#8212; DSA Computerspiele\" \/>\n<meta property=\"og:description\" content=\"Drakensang ist Teil des Prequels zum DSA Drachen-Chroniken-Event. Hauptschauplatz der Handlung ist die Stadt Ferdok im Herzen Aventuriens. Reisen zu anderen Orten werden \u00fcber eine Kartenansicht erreicht, \u00e4hnlich wie bei den Spielen der Nordland-Trilogie. Ardo vom Eberstamm bittet den Spieler, ihn im Notfall in Feldok zu besuchen. Dort erf\u00e4hrt der Spieler, dass Ardo das Opfer&hellip; Drakensang weiterlesen\" \/>\n<meta property=\"og:url\" content=\"https:\/\/dsa-computerspiel.de\/index.php\/drakensang-reihe\/drakensang\/\" \/>\n<meta property=\"og:site_name\" content=\"DSA Computerspiele\" \/>\n<meta property=\"article:modified_time\" content=\"2022-02-05T16:20:53+00:00\" \/>\n<meta name=\"twitter:card\" content=\"summary_large_image\" \/>\n<meta name=\"twitter:label1\" content=\"Gesch\u00e4tzte Lesezeit\" \/>\n\t<meta name=\"twitter:data1\" content=\"2\u00a0Minuten\" \/>\n<script type=\"application\/ld+json\" class=\"yoast-schema-graph\">{\"@context\":\"https:\\\/\\\/schema.org\",\"@graph\":[{\"@type\":\"WebPage\",\"@id\":\"https:\\\/\\\/dsa-computerspiel.de\\\/index.php\\\/drakensang-reihe\\\/drakensang\\\/\",\"url\":\"https:\\\/\\\/dsa-computerspiel.de\\\/index.php\\\/drakensang-reihe\\\/drakensang\\\/\",\"name\":\"Drakensang &#8212; DSA Computerspiele\",\"isPartOf\":{\"@id\":\"https:\\\/\\\/dsa-computerspiel.de\\\/#website\"},\"datePublished\":\"2021-09-26T11:51:42+00:00\",\"dateModified\":\"2022-02-05T16:20:53+00:00\",\"breadcrumb\":{\"@id\":\"https:\\\/\\\/dsa-computerspiel.de\\\/index.php\\\/drakensang-reihe\\\/drakensang\\\/#breadcrumb\"},\"inLanguage\":\"de\",\"potentialAction\":[{\"@type\":\"ReadAction\",\"target\":[\"https:\\\/\\\/dsa-computerspiel.de\\\/index.php\\\/drakensang-reihe\\\/drakensang\\\/\"]}]},{\"@type\":\"BreadcrumbList\",\"@id\":\"https:\\\/\\\/dsa-computerspiel.de\\\/index.php\\\/drakensang-reihe\\\/drakensang\\\/#breadcrumb\",\"itemListElement\":[{\"@type\":\"ListItem\",\"position\":1,\"name\":\"Startseite\",\"item\":\"https:\\\/\\\/dsa-computerspiel.de\\\/\"},{\"@type\":\"ListItem\",\"position\":2,\"name\":\"Drakensang-Reihe\",\"item\":\"https:\\\/\\\/dsa-computerspiel.de\\\/index.php\\\/drakensang-reihe\\\/\"},{\"@type\":\"ListItem\",\"position\":3,\"name\":\"Drakensang\"}]},{\"@type\":\"WebSite\",\"@id\":\"https:\\\/\\\/dsa-computerspiel.de\\\/#website\",\"url\":\"https:\\\/\\\/dsa-computerspiel.de\\\/\",\"name\":\"DSA Computerspiele\",\"description\":\"Ein \u00dcberblick zum digitalen Schwarzen Auge\",\"publisher\":{\"@id\":\"https:\\\/\\\/dsa-computerspiel.de\\\/#\\\/schema\\\/person\\\/b5aa37b81fe2b79708eeb888c48255f8\"},\"potentialAction\":[{\"@type\":\"SearchAction\",\"target\":{\"@type\":\"EntryPoint\",\"urlTemplate\":\"https:\\\/\\\/dsa-computerspiel.de\\\/?s={search_term_string}\"},\"query-input\":{\"@type\":\"PropertyValueSpecification\",\"valueRequired\":true,\"valueName\":\"search_term_string\"}}],\"inLanguage\":\"de\"},{\"@type\":[\"Person\",\"Organization\"],\"@id\":\"https:\\\/\\\/dsa-computerspiel.de\\\/#\\\/schema\\\/person\\\/b5aa37b81fe2b79708eeb888c48255f8\",\"name\":\"admin\",\"logo\":{\"@id\":\"https:\\\/\\\/dsa-computerspiel.de\\\/#\\\/schema\\\/person\\\/image\\\/\"},\"sameAs\":[\"https:\\\/\\\/dsa-computerspiel.de\"]}]}<\/script>\n<!-- \/ Yoast SEO plugin. -->","yoast_head_json":{"title":"Drakensang &#8212; DSA Computerspiele","robots":{"index":"index","follow":"follow","max-snippet":"max-snippet:-1","max-image-preview":"max-image-preview:large","max-video-preview":"max-video-preview:-1"},"canonical":"https:\/\/dsa-computerspiel.de\/index.php\/drakensang-reihe\/drakensang\/","og_locale":"de_DE","og_type":"article","og_title":"Drakensang &#8212; DSA Computerspiele","og_description":"Drakensang ist Teil des Prequels zum DSA Drachen-Chroniken-Event. Hauptschauplatz der Handlung ist die Stadt Ferdok im Herzen Aventuriens. Reisen zu anderen Orten werden \u00fcber eine Kartenansicht erreicht, \u00e4hnlich wie bei den Spielen der Nordland-Trilogie. Ardo vom Eberstamm bittet den Spieler, ihn im Notfall in Feldok zu besuchen. Dort erf\u00e4hrt der Spieler, dass Ardo das Opfer&hellip; Drakensang weiterlesen","og_url":"https:\/\/dsa-computerspiel.de\/index.php\/drakensang-reihe\/drakensang\/","og_site_name":"DSA Computerspiele","article_modified_time":"2022-02-05T16:20:53+00:00","twitter_card":"summary_large_image","twitter_misc":{"Gesch\u00e4tzte Lesezeit":"2\u00a0Minuten"},"schema":{"@context":"https:\/\/schema.org","@graph":[{"@type":"WebPage","@id":"https:\/\/dsa-computerspiel.de\/index.php\/drakensang-reihe\/drakensang\/","url":"https:\/\/dsa-computerspiel.de\/index.php\/drakensang-reihe\/drakensang\/","name":"Drakensang &#8212; DSA Computerspiele","isPartOf":{"@id":"https:\/\/dsa-computerspiel.de\/#website"},"datePublished":"2021-09-26T11:51:42+00:00","dateModified":"2022-02-05T16:20:53+00:00","breadcrumb":{"@id":"https:\/\/dsa-computerspiel.de\/index.php\/drakensang-reihe\/drakensang\/#breadcrumb"},"inLanguage":"de","potentialAction":[{"@type":"ReadAction","target":["https:\/\/dsa-computerspiel.de\/index.php\/drakensang-reihe\/drakensang\/"]}]},{"@type":"BreadcrumbList","@id":"https:\/\/dsa-computerspiel.de\/index.php\/drakensang-reihe\/drakensang\/#breadcrumb","itemListElement":[{"@type":"ListItem","position":1,"name":"Startseite","item":"https:\/\/dsa-computerspiel.de\/"},{"@type":"ListItem","position":2,"name":"Drakensang-Reihe","item":"https:\/\/dsa-computerspiel.de\/index.php\/drakensang-reihe\/"},{"@type":"ListItem","position":3,"name":"Drakensang"}]},{"@type":"WebSite","@id":"https:\/\/dsa-computerspiel.de\/#website","url":"https:\/\/dsa-computerspiel.de\/","name":"DSA Computerspiele","description":"Ein \u00dcberblick zum digitalen Schwarzen Auge","publisher":{"@id":"https:\/\/dsa-computerspiel.de\/#\/schema\/person\/b5aa37b81fe2b79708eeb888c48255f8"},"potentialAction":[{"@type":"SearchAction","target":{"@type":"EntryPoint","urlTemplate":"https:\/\/dsa-computerspiel.de\/?s={search_term_string}"},"query-input":{"@type":"PropertyValueSpecification","valueRequired":true,"valueName":"search_term_string"}}],"inLanguage":"de"},{"@type":["Person","Organization"],"@id":"https:\/\/dsa-computerspiel.de\/#\/schema\/person\/b5aa37b81fe2b79708eeb888c48255f8","name":"admin","logo":{"@id":"https:\/\/dsa-computerspiel.de\/#\/schema\/person\/image\/"},"sameAs":["https:\/\/dsa-computerspiel.de"]}]}},"_links":{"self":[{"href":"https:\/\/dsa-computerspiel.de\/index.php\/wp-json\/wp\/v2\/pages\/55","targetHints":{"allow":["GET"]}}],"collection":[{"href":"https:\/\/dsa-computerspiel.de\/index.php\/wp-json\/wp\/v2\/pages"}],"about":[{"href":"https:\/\/dsa-computerspiel.de\/index.php\/wp-json\/wp\/v2\/types\/page"}],"author":[{"embeddable":true,"href":"https:\/\/dsa-computerspiel.de\/index.php\/wp-json\/wp\/v2\/users\/1"}],"replies":[{"embeddable":true,"href":"https:\/\/dsa-computerspiel.de\/index.php\/wp-json\/wp\/v2\/comments?post=55"}],"version-history":[{"count":4,"href":"https:\/\/dsa-computerspiel.de\/index.php\/wp-json\/wp\/v2\/pages\/55\/revisions"}],"predecessor-version":[{"id":90,"href":"https:\/\/dsa-computerspiel.de\/index.php\/wp-json\/wp\/v2\/pages\/55\/revisions\/90"}],"up":[{"embeddable":true,"href":"https:\/\/dsa-computerspiel.de\/index.php\/wp-json\/wp\/v2\/pages\/49"}],"wp:attachment":[{"href":"https:\/\/dsa-computerspiel.de\/index.php\/wp-json\/wp\/v2\/media?parent=55"}],"curies":[{"name":"wp","href":"https:\/\/api.w.org\/{rel}","templated":true}]}}