{"id":60,"date":"2021-09-26T13:52:54","date_gmt":"2021-09-26T11:52:54","guid":{"rendered":"https:\/\/dsa-computerspiel.de\/?page_id=60"},"modified":"2024-04-24T16:26:27","modified_gmt":"2024-04-24T14:26:27","slug":"add-on-phileassons-geheimnis","status":"publish","type":"page","link":"https:\/\/dsa-computerspiel.de\/index.php\/drakensang-reihe\/add-on-phileassons-geheimnis\/","title":{"rendered":"Add-On &#8211; Phileassons Geheimnis"},"content":{"rendered":"\n<p>Die Handlung des Add-ons &#8222;Drakensang 2: Phileassons Geheimnis&#8220; folgt der Einf\u00fchrung des ber\u00fchmten Abenteurers Asleif Phileasson in die Welt von Drakensang. Das Abenteuer beginnt, als ein mysteri\u00f6ses Drachenboot auf dem Gro\u00dfen Fluss in Nadoret gesichtet wird. Am folgenden Tag st\u00f6\u00dft die Heldengruppe auf Phileassons Mannschaft, die ihren Kapit\u00e4n vermisst, welcher in der N\u00e4he einen Sp\u00e4hrenriss entdeckt und durch diesen in eine fremde Welt, die Elfenmetropole Tie\u2019Shianna, verschwunden ist. Diese Stadt galt seit 3.000 Jahren als vernichtet, ist aber in der alternativen Realit\u00e4t des Sp\u00e4hrenrisses noch intakt.<\/p>\n\n\n\n<p>Die Mission der Spielgruppe konzentriert sich darauf, Phileasson aufzusp\u00fcren und zur\u00fcckzubringen. W\u00e4hrend ihrer Suche in Tie\u2019Shianna wird offenbart, dass Phileasson eine Prinzessin retten m\u00f6chte, wobei die Gr\u00fcnde und Hintergr\u00fcnde dieser Mission nebul\u00f6s und im Verlauf des Spiels nur vage erkl\u00e4rt werden. Tie\u2019Shianna selbst, obwohl visuell beeindruckend, bietet wenig Interaktion und keine Nebenquests, was die Erfahrung begrenzt.<\/p>\n\n\n\n<p>Die Spieler m\u00fcssen mehrfach durch die Sp\u00e4hrenrisse reisen, wobei sie jedes Mal in eine zunehmend belagerte und verfallende Stadt zur\u00fcckkehren. Das Gameplay wird durch repetitive K\u00e4mpfe und das erneute Besuchen der gleichen Orte gestreckt, was zu einer monotonen Spielerfahrung f\u00fchrt. Neben der Hauptquest gibt es im Hauptprogramm eine erg\u00e4nzende Mission um eine gef\u00e4lschte Schatzkarte.<\/p>\n\n\n\n<p>Phileasson selbst tritt zun\u00e4chst als neutraler Begleiter auf und wird sp\u00e4ter ein aktives Mitglied der Gruppe. Trotz seiner legend\u00e4ren Vergangenheit als Entdecker bleibt seine Charakterentwicklung flach, und seine tiefere Motivation und Pers\u00f6nlichkeit kommen im Spiel nicht zur Geltung. Sein Einfluss auf die Spielhandlung ist begrenzt, und er bietet wenig Abwechslung im Spielerlebnis.<\/p>\n","protected":false},"excerpt":{"rendered":"<p>Die Handlung des Add-ons &#8222;Drakensang 2: Phileassons Geheimnis&#8220; folgt der Einf\u00fchrung des ber\u00fchmten Abenteurers Asleif Phileasson in die Welt von Drakensang. Das Abenteuer beginnt, als ein mysteri\u00f6ses Drachenboot auf dem Gro\u00dfen Fluss in Nadoret gesichtet wird. Am folgenden Tag st\u00f6\u00dft die Heldengruppe auf Phileassons Mannschaft, die ihren Kapit\u00e4n vermisst, welcher in der N\u00e4he einen Sp\u00e4hrenriss&hellip; <a class=\"more-link\" href=\"https:\/\/dsa-computerspiel.de\/index.php\/drakensang-reihe\/add-on-phileassons-geheimnis\/\"><span class=\"screen-reader-text\">Add-On &#8211; Phileassons Geheimnis<\/span> weiterlesen<\/a><\/p>\n","protected":false},"author":1,"featured_media":0,"parent":49,"menu_order":3,"comment_status":"closed","ping_status":"closed","template":"","meta":{"footnotes":""},"class_list":["post-60","page","type-page","status-publish","hentry","entry"],"yoast_head":"<!-- This site is optimized with the Yoast SEO plugin v27.5 - https:\/\/yoast.com\/product\/yoast-seo-wordpress\/ -->\n<title>Add-On - Phileassons Geheimnis &#8212; DSA Computerspiele<\/title>\n<meta name=\"robots\" content=\"index, follow, max-snippet:-1, max-image-preview:large, max-video-preview:-1\" \/>\n<link rel=\"canonical\" href=\"https:\/\/dsa-computerspiel.de\/index.php\/drakensang-reihe\/add-on-phileassons-geheimnis\/\" \/>\n<meta property=\"og:locale\" content=\"de_DE\" \/>\n<meta property=\"og:type\" content=\"article\" \/>\n<meta property=\"og:title\" content=\"Add-On - Phileassons Geheimnis &#8212; DSA Computerspiele\" \/>\n<meta property=\"og:description\" content=\"Die Handlung des Add-ons &#8222;Drakensang 2: Phileassons Geheimnis&#8220; folgt der Einf\u00fchrung des ber\u00fchmten Abenteurers Asleif Phileasson in die Welt von Drakensang. Das Abenteuer beginnt, als ein mysteri\u00f6ses Drachenboot auf dem Gro\u00dfen Fluss in Nadoret gesichtet wird. Am folgenden Tag st\u00f6\u00dft die Heldengruppe auf Phileassons Mannschaft, die ihren Kapit\u00e4n vermisst, welcher in der N\u00e4he einen Sp\u00e4hrenriss&hellip; Add-On &#8211; Phileassons Geheimnis weiterlesen\" \/>\n<meta property=\"og:url\" content=\"https:\/\/dsa-computerspiel.de\/index.php\/drakensang-reihe\/add-on-phileassons-geheimnis\/\" \/>\n<meta property=\"og:site_name\" content=\"DSA Computerspiele\" \/>\n<meta property=\"article:modified_time\" content=\"2024-04-24T14:26:27+00:00\" \/>\n<meta name=\"twitter:card\" content=\"summary_large_image\" \/>\n<meta name=\"twitter:label1\" content=\"Gesch\u00e4tzte Lesezeit\" \/>\n\t<meta name=\"twitter:data1\" content=\"2\u00a0Minuten\" \/>\n<script type=\"application\/ld+json\" class=\"yoast-schema-graph\">{\"@context\":\"https:\\\/\\\/schema.org\",\"@graph\":[{\"@type\":\"WebPage\",\"@id\":\"https:\\\/\\\/dsa-computerspiel.de\\\/index.php\\\/drakensang-reihe\\\/add-on-phileassons-geheimnis\\\/\",\"url\":\"https:\\\/\\\/dsa-computerspiel.de\\\/index.php\\\/drakensang-reihe\\\/add-on-phileassons-geheimnis\\\/\",\"name\":\"Add-On - Phileassons Geheimnis &#8212; DSA Computerspiele\",\"isPartOf\":{\"@id\":\"https:\\\/\\\/dsa-computerspiel.de\\\/#website\"},\"datePublished\":\"2021-09-26T11:52:54+00:00\",\"dateModified\":\"2024-04-24T14:26:27+00:00\",\"breadcrumb\":{\"@id\":\"https:\\\/\\\/dsa-computerspiel.de\\\/index.php\\\/drakensang-reihe\\\/add-on-phileassons-geheimnis\\\/#breadcrumb\"},\"inLanguage\":\"de\",\"potentialAction\":[{\"@type\":\"ReadAction\",\"target\":[\"https:\\\/\\\/dsa-computerspiel.de\\\/index.php\\\/drakensang-reihe\\\/add-on-phileassons-geheimnis\\\/\"]}]},{\"@type\":\"BreadcrumbList\",\"@id\":\"https:\\\/\\\/dsa-computerspiel.de\\\/index.php\\\/drakensang-reihe\\\/add-on-phileassons-geheimnis\\\/#breadcrumb\",\"itemListElement\":[{\"@type\":\"ListItem\",\"position\":1,\"name\":\"Startseite\",\"item\":\"https:\\\/\\\/dsa-computerspiel.de\\\/\"},{\"@type\":\"ListItem\",\"position\":2,\"name\":\"Drakensang-Reihe\",\"item\":\"https:\\\/\\\/dsa-computerspiel.de\\\/index.php\\\/drakensang-reihe\\\/\"},{\"@type\":\"ListItem\",\"position\":3,\"name\":\"Add-On &#8211; Phileassons Geheimnis\"}]},{\"@type\":\"WebSite\",\"@id\":\"https:\\\/\\\/dsa-computerspiel.de\\\/#website\",\"url\":\"https:\\\/\\\/dsa-computerspiel.de\\\/\",\"name\":\"DSA Computerspiele\",\"description\":\"Ein \u00dcberblick zum digitalen Schwarzen Auge\",\"publisher\":{\"@id\":\"https:\\\/\\\/dsa-computerspiel.de\\\/#\\\/schema\\\/person\\\/b5aa37b81fe2b79708eeb888c48255f8\"},\"potentialAction\":[{\"@type\":\"SearchAction\",\"target\":{\"@type\":\"EntryPoint\",\"urlTemplate\":\"https:\\\/\\\/dsa-computerspiel.de\\\/?s={search_term_string}\"},\"query-input\":{\"@type\":\"PropertyValueSpecification\",\"valueRequired\":true,\"valueName\":\"search_term_string\"}}],\"inLanguage\":\"de\"},{\"@type\":[\"Person\",\"Organization\"],\"@id\":\"https:\\\/\\\/dsa-computerspiel.de\\\/#\\\/schema\\\/person\\\/b5aa37b81fe2b79708eeb888c48255f8\",\"name\":\"admin\",\"logo\":{\"@id\":\"https:\\\/\\\/dsa-computerspiel.de\\\/#\\\/schema\\\/person\\\/image\\\/\"},\"sameAs\":[\"https:\\\/\\\/dsa-computerspiel.de\"]}]}<\/script>\n<!-- \/ Yoast SEO plugin. -->","yoast_head_json":{"title":"Add-On - Phileassons Geheimnis &#8212; DSA Computerspiele","robots":{"index":"index","follow":"follow","max-snippet":"max-snippet:-1","max-image-preview":"max-image-preview:large","max-video-preview":"max-video-preview:-1"},"canonical":"https:\/\/dsa-computerspiel.de\/index.php\/drakensang-reihe\/add-on-phileassons-geheimnis\/","og_locale":"de_DE","og_type":"article","og_title":"Add-On - Phileassons Geheimnis &#8212; DSA Computerspiele","og_description":"Die Handlung des Add-ons &#8222;Drakensang 2: Phileassons Geheimnis&#8220; folgt der Einf\u00fchrung des ber\u00fchmten Abenteurers Asleif Phileasson in die Welt von Drakensang. Das Abenteuer beginnt, als ein mysteri\u00f6ses Drachenboot auf dem Gro\u00dfen Fluss in Nadoret gesichtet wird. Am folgenden Tag st\u00f6\u00dft die Heldengruppe auf Phileassons Mannschaft, die ihren Kapit\u00e4n vermisst, welcher in der N\u00e4he einen Sp\u00e4hrenriss&hellip; Add-On &#8211; Phileassons Geheimnis weiterlesen","og_url":"https:\/\/dsa-computerspiel.de\/index.php\/drakensang-reihe\/add-on-phileassons-geheimnis\/","og_site_name":"DSA Computerspiele","article_modified_time":"2024-04-24T14:26:27+00:00","twitter_card":"summary_large_image","twitter_misc":{"Gesch\u00e4tzte Lesezeit":"2\u00a0Minuten"},"schema":{"@context":"https:\/\/schema.org","@graph":[{"@type":"WebPage","@id":"https:\/\/dsa-computerspiel.de\/index.php\/drakensang-reihe\/add-on-phileassons-geheimnis\/","url":"https:\/\/dsa-computerspiel.de\/index.php\/drakensang-reihe\/add-on-phileassons-geheimnis\/","name":"Add-On - Phileassons Geheimnis &#8212; DSA Computerspiele","isPartOf":{"@id":"https:\/\/dsa-computerspiel.de\/#website"},"datePublished":"2021-09-26T11:52:54+00:00","dateModified":"2024-04-24T14:26:27+00:00","breadcrumb":{"@id":"https:\/\/dsa-computerspiel.de\/index.php\/drakensang-reihe\/add-on-phileassons-geheimnis\/#breadcrumb"},"inLanguage":"de","potentialAction":[{"@type":"ReadAction","target":["https:\/\/dsa-computerspiel.de\/index.php\/drakensang-reihe\/add-on-phileassons-geheimnis\/"]}]},{"@type":"BreadcrumbList","@id":"https:\/\/dsa-computerspiel.de\/index.php\/drakensang-reihe\/add-on-phileassons-geheimnis\/#breadcrumb","itemListElement":[{"@type":"ListItem","position":1,"name":"Startseite","item":"https:\/\/dsa-computerspiel.de\/"},{"@type":"ListItem","position":2,"name":"Drakensang-Reihe","item":"https:\/\/dsa-computerspiel.de\/index.php\/drakensang-reihe\/"},{"@type":"ListItem","position":3,"name":"Add-On &#8211; Phileassons Geheimnis"}]},{"@type":"WebSite","@id":"https:\/\/dsa-computerspiel.de\/#website","url":"https:\/\/dsa-computerspiel.de\/","name":"DSA Computerspiele","description":"Ein \u00dcberblick zum digitalen Schwarzen Auge","publisher":{"@id":"https:\/\/dsa-computerspiel.de\/#\/schema\/person\/b5aa37b81fe2b79708eeb888c48255f8"},"potentialAction":[{"@type":"SearchAction","target":{"@type":"EntryPoint","urlTemplate":"https:\/\/dsa-computerspiel.de\/?s={search_term_string}"},"query-input":{"@type":"PropertyValueSpecification","valueRequired":true,"valueName":"search_term_string"}}],"inLanguage":"de"},{"@type":["Person","Organization"],"@id":"https:\/\/dsa-computerspiel.de\/#\/schema\/person\/b5aa37b81fe2b79708eeb888c48255f8","name":"admin","logo":{"@id":"https:\/\/dsa-computerspiel.de\/#\/schema\/person\/image\/"},"sameAs":["https:\/\/dsa-computerspiel.de"]}]}},"_links":{"self":[{"href":"https:\/\/dsa-computerspiel.de\/index.php\/wp-json\/wp\/v2\/pages\/60","targetHints":{"allow":["GET"]}}],"collection":[{"href":"https:\/\/dsa-computerspiel.de\/index.php\/wp-json\/wp\/v2\/pages"}],"about":[{"href":"https:\/\/dsa-computerspiel.de\/index.php\/wp-json\/wp\/v2\/types\/page"}],"author":[{"embeddable":true,"href":"https:\/\/dsa-computerspiel.de\/index.php\/wp-json\/wp\/v2\/users\/1"}],"replies":[{"embeddable":true,"href":"https:\/\/dsa-computerspiel.de\/index.php\/wp-json\/wp\/v2\/comments?post=60"}],"version-history":[{"count":2,"href":"https:\/\/dsa-computerspiel.de\/index.php\/wp-json\/wp\/v2\/pages\/60\/revisions"}],"predecessor-version":[{"id":106,"href":"https:\/\/dsa-computerspiel.de\/index.php\/wp-json\/wp\/v2\/pages\/60\/revisions\/106"}],"up":[{"embeddable":true,"href":"https:\/\/dsa-computerspiel.de\/index.php\/wp-json\/wp\/v2\/pages\/49"}],"wp:attachment":[{"href":"https:\/\/dsa-computerspiel.de\/index.php\/wp-json\/wp\/v2\/media?parent=60"}],"curies":[{"name":"wp","href":"https:\/\/api.w.org\/{rel}","templated":true}]}}